{"id":86,"date":"2026-01-14T18:42:00","date_gmt":"2026-01-14T18:42:00","guid":{"rendered":"https:\/\/lograre.com\/?post_type=product&#038;p=86"},"modified":"2026-01-14T20:56:47","modified_gmt":"2026-01-14T20:56:47","slug":"poner-limites-sin-culpa","status":"publish","type":"product","link":"https:\/\/lograre.com\/index.php\/product\/poner-limites-sin-culpa\/","title":{"rendered":"Poner l\u00edmites sin culpa"},"content":{"rendered":"<p style=\"text-align: center;\"><span style=\"font-weight: 400;\">Herramientas pr\u00e1cticas para decir NO con claridad, sin explicarte de m\u00e1s ni traicionarte en el intento.<\/span><\/p>\n<h2><span style=\"font-weight: 400;\">Cuando decir \u201cs\u00ed\u201d se volvi\u00f3 autom\u00e1tico\u2026 y decir \u201cno\u201d se siente imposible<\/span><\/h2>\n<p><span style=\"font-weight: 400;\">Hay personas que saben <\/span><b>lo que no quieren<\/b><span style=\"font-weight: 400;\">,<\/span><span style=\"font-weight: 400;\"><br \/>\n<\/span><span style=\"font-weight: 400;\">pero no logran decirlo sin culpa, miedo o sobre-explicaci\u00f3n.<\/span><\/p>\n<p><span style=\"font-weight: 400;\">Callan para evitar conflicto.<\/span><span style=\"font-weight: 400;\"><br \/>\n<\/span><span style=\"font-weight: 400;\">Ceden para no herir.<\/span><span style=\"font-weight: 400;\"><br \/>\n<\/span><span style=\"font-weight: 400;\">Explican de m\u00e1s para no parecer \u201cmalas personas\u201d.<\/span><\/p>\n<p><span style=\"font-weight: 400;\">El problema no es la falta de car\u00e1cter.<\/span><span style=\"font-weight: 400;\"><br \/>\n<\/span><span style=\"font-weight: 400;\">Es que <\/span><b>nunca aprendieron a poner l\u00edmites sin perder v\u00ednculo o valor personal<\/b><span style=\"font-weight: 400;\">.<\/span><\/p>\n<blockquote><p><span style=\"font-weight: 400;\">un l\u00edmite no es un castigo al otro, sino un acto de cuidado propio.<\/span><\/p><\/blockquote>\n","protected":false},"excerpt":{"rendered":"<p><span style=\"font-weight: 400;\">Taller pr\u00e1ctico de 2 horas para aprender a poner l\u00edmites claros en relaciones significativas, sin culpa ni confrontaci\u00f3n innecesaria.<\/span><\/p>\n","protected":false},"featured_media":0,"comment_status":"open","ping_status":"closed","template":"","meta":[],"product_brand":[],"product_cat":[18],"product_tag":[],"class_list":{"0":"post-86","1":"product","2":"type-product","3":"status-publish","5":"product_cat-talleres-practicos","6":"post","8":"first","9":"instock","10":"virtual","11":"purchasable","12":"product-type-simple"},"_links":{"self":[{"href":"https:\/\/lograre.com\/index.php\/wp-json\/wp\/v2\/product\/86","targetHints":{"allow":["GET"]}}],"collection":[{"href":"https:\/\/lograre.com\/index.php\/wp-json\/wp\/v2\/product"}],"about":[{"href":"https:\/\/lograre.com\/index.php\/wp-json\/wp\/v2\/types\/product"}],"replies":[{"embeddable":true,"href":"https:\/\/lograre.com\/index.php\/wp-json\/wp\/v2\/comments?post=86"}],"wp:attachment":[{"href":"https:\/\/lograre.com\/index.php\/wp-json\/wp\/v2\/media?parent=86"}],"wp:term":[{"taxonomy":"product_brand","embeddable":true,"href":"https:\/\/lograre.com\/index.php\/wp-json\/wp\/v2\/product_brand?post=86"},{"taxonomy":"product_cat","embeddable":true,"href":"https:\/\/lograre.com\/index.php\/wp-json\/wp\/v2\/product_cat?post=86"},{"taxonomy":"product_tag","embeddable":true,"href":"https:\/\/lograre.com\/index.php\/wp-json\/wp\/v2\/product_tag?post=86"}],"curies":[{"name":"wp","href":"https:\/\/api.w.org\/{rel}","templated":true}]}}